{"id":3725,"date":"2025-05-09T08:44:43","date_gmt":"2025-05-09T08:44:43","guid":{"rendered":"https:\/\/thelivesmedia.com\/terms-of-service-sp\/"},"modified":"2025-05-10T05:49:26","modified_gmt":"2025-05-10T05:49:26","slug":"terms-of-service-sp","status":"publish","type":"page","link":"https:\/\/thelivesmedia.com\/es\/terms-of-service-sp\/","title":{"rendered":"Terms of Service &#8211; SP"},"content":{"rendered":"\n<h2 class=\"wp-block-heading\"><strong>T\u00c9RMINOS DE SERVICIO<\/strong><\/h2>\n\n<p class=\"has-cyan-bluish-gray-color has-text-color has-link-color wp-elements-9e8a68dbcdb0c3583b84a4fab4664651\"><em>\u00daltima actualizaci\u00f3n: mayo de 2025<\/em><\/p>\n\n<p>Estos T\u00e9rminos de Servicio (\u00abT\u00e9rminos\u00bb) regulan su acceso y uso de los sitios web, publicaciones y servicios operados por <strong>The Epoch Media<\/strong>. Al utilizar nuestras plataformas, usted acepta estos T\u00e9rminos en su totalidad. <\/p>\n\n<h2 class=\"wp-block-heading has-medium-font-size\">1. PROP\u00d3SITO Y ALCANCE<\/h2>\n\n<p>The Epoch Media es un proyecto editorial independiente que publica contenido literario, reflexivo y multiling\u00fce para lectores de todo el mundo. Estos T\u00e9rminos se aplican a todo el contenido al que se acceda a trav\u00e9s de nuestro sitio web y plataformas relacionadas. <\/p>\n\n<h2 class=\"wp-block-heading has-medium-font-size\">2. NATURALEZA LITERARIA DEL CONTENIDO<\/h2>\n\n<p>El contenido publicado en The Epoch Media es principalmente de car\u00e1cter literario. Los autores pueden hacer referencia a contextos hist\u00f3ricos o contempor\u00e1neos reales, pero consideramos todas las narraciones y representaciones como expresiones creativas o literarias.<br\/>No afirmamos ni negamos la veracidad de ninguna narrativa espec\u00edfica. Invitamos a los lectores a interpretar el contenido desde sus propias perspectivas y criterio.<\/p>\n\n<h2 class=\"wp-block-heading has-medium-font-size\">3. COMENTARIOS DE USUARIOS Y RESPONSABILIDAD<\/h2>\n\n<p>Agradecemos los comentarios de los lectores y los consideramos una parte valiosa del di\u00e1logo comunitario. Sin embargo: <\/p>\n\n<ul class=\"wp-block-list\">\n<li>The Epoch Media no se hace responsable de las opiniones, afirmaciones o declaraciones realizadas en los comentarios de los usuarios.<\/li>\n\n\n\n<li>Valoramos la libertad de expresi\u00f3n y, por lo tanto, no eliminamos ni censuramos comentarios de forma manual.<\/li>\n\n\n\n<li>No obstante, nuestro sistema filtrar\u00e1 autom\u00e1ticamente el lenguaje vulgar u ofensivo sustituy\u00e9ndolo por asteriscos (*).<\/li>\n<\/ul>\n\n<p>Todos los comentarios se ofrecen de forma gratuita en beneficio de la comunidad y no ofrecemos compensaci\u00f3n por comentarios generados por usuarios.<\/p>\n\n<h2 class=\"wp-block-heading has-medium-font-size\">4. CONTRIBUCIONES Y HONORARIOS<\/h2>\n\n<p>En algunos casos, podemos ofrecer honorarios a los lectores que presenten art\u00edculos o trabajos creativos destacados.<br\/>La decisi\u00f3n de otorgar un pago\u2014y el monto\u2014depender\u00e1 de la calidad, el momento y el contexto de la presentaci\u00f3n. Dicha compensaci\u00f3n es discrecional y puede variar seg\u00fan el caso.<\/p>\n\n<h2 class=\"wp-block-heading has-medium-font-size\">5. PROPIEDAD INTELECTUAL<\/h2>\n\n<p>Salvo indicaci\u00f3n contraria, todo el contenido publicado en The Epoch Media est\u00e1 protegido por leyes de derechos de autor y propiedad intelectual. No puede reproducir, distribuir ni adaptar nuestro contenido sin permiso expl\u00edcito, salvo para usos permitidos por la ley vigente. <\/p>\n\n<h2 class=\"wp-block-heading has-medium-font-size\">6. USO ACEPTABLE<\/h2>\n\n<p>Al utilizar nuestro sitio, usted acepta no:<\/p>\n\n<ul class=\"wp-block-list\">\n<li>Violar leyes o regulaciones aplicables<\/li>\n\n\n\n<li>Subir c\u00f3digo malicioso o spam<\/li>\n\n\n\n<li>Suplantar a otras personas o proporcionar informaci\u00f3n falsa<\/li>\n\n\n\n<li>Infringir los derechos de propiedad intelectual de terceros<\/li>\n<\/ul>\n\n<p>Nos reservamos el derecho de restringir el acceso o emprender acciones legales en caso de violaciones de estos T\u00e9rminos.<\/p>\n\n<h2 class=\"wp-block-heading has-medium-font-size\">7. LIMITACI\u00d3N DE RESPONSABILIDAD<\/h2>\n\n<p>The Epoch Media y sus colaboradores no se hacen responsables de da\u00f1os indirectos, incidentales o consecuentes derivados del uso del sitio. Todo el contenido se proporciona \u00abtal cual\u00bb, sin garant\u00edas de ning\u00fan tipo. <\/p>\n\n<h2 class=\"wp-block-heading has-medium-font-size\">8. MODIFICACIONES DE LOS T\u00c9RMINOS<\/h2>\n\n<p>Podemos actualizar estos T\u00e9rminos en cualquier momento. El uso continuado del sitio tras la publicaci\u00f3n de cambios constituye su aceptaci\u00f3n de los T\u00e9rminos revisados. <\/p>\n\n<h2 class=\"wp-block-heading has-medium-font-size\">9. CONTACTO<\/h2>\n\n<p>Para cualquier consulta relacionada con estos T\u00e9rminos, por favor cont\u00e1ctenos:<br\/>\ud83d\udce7 <strong><a>editor@thelivesmedia.com<\/a><\/strong><\/p>\n\n<p><\/p>\n","protected":false},"excerpt":{"rendered":"<p>T\u00c9RMINOS DE SERVICIO \u00daltima actualizaci\u00f3n: mayo de 2025 Estos T\u00e9rminos de Servicio (\u00abT\u00e9rminos\u00bb) regulan su acceso y uso de los [&hellip;]<\/p>\n","protected":false},"author":1,"featured_media":0,"parent":0,"menu_order":0,"comment_status":"closed","ping_status":"closed","template":"","meta":{"_uag_custom_page_level_css":"","site-sidebar-layout":"default","site-content-layout":"","ast-site-content-layout":"default","site-content-style":"default","site-sidebar-style":"default","ast-global-header-display":"","ast-banner-title-visibility":"","ast-main-header-display":"","ast-hfb-above-header-display":"","ast-hfb-below-header-display":"","ast-hfb-mobile-header-display":"","site-post-title":"disabled","ast-breadcrumbs-content":"","ast-featured-img":"","footer-sml-layout":"","theme-transparent-header-meta":"","adv-header-id-meta":"","stick-header-meta":"","header-above-stick-meta":"","header-main-stick-meta":"","header-below-stick-meta":"","astra-migrate-meta-layouts":"default","ast-page-background-enabled":"default","ast-page-background-meta":{"desktop":{"background-color":"var(--ast-global-color-4)","background-image":"","background-repeat":"repeat","background-position":"center center","background-size":"auto","background-attachment":"scroll","background-type":"","background-media":"","overlay-type":"","overlay-color":"","overlay-opacity":"","overlay-gradient":""},"tablet":{"background-color":"","background-image":"","background-repeat":"repeat","background-position":"center center","background-size":"auto","background-attachment":"scroll","background-type":"","background-media":"","overlay-type":"","overlay-color":"","overlay-opacity":"","overlay-gradient":""},"mobile":{"background-color":"","background-image":"","background-repeat":"repeat","background-position":"center center","background-size":"auto","background-attachment":"scroll","background-type":"","background-media":"","overlay-type":"","overlay-color":"","overlay-opacity":"","overlay-gradient":""}},"ast-content-background-meta":{"desktop":{"background-color":"var(--ast-global-color-5)","background-image":"","background-repeat":"repeat","background-position":"center center","background-size":"auto","background-attachment":"scroll","background-type":"","background-media":"","overlay-type":"","overlay-color":"","overlay-opacity":"","overlay-gradient":""},"tablet":{"background-color":"var(--ast-global-color-5)","background-image":"","background-repeat":"repeat","background-position":"center center","background-size":"auto","background-attachment":"scroll","background-type":"","background-media":"","overlay-type":"","overlay-color":"","overlay-opacity":"","overlay-gradient":""},"mobile":{"background-color":"var(--ast-global-color-5)","background-image":"","background-repeat":"repeat","background-position":"center center","background-size":"auto","background-attachment":"scroll","background-type":"","background-media":"","overlay-type":"","overlay-color":"","overlay-opacity":"","overlay-gradient":""}},"_themeisle_gutenberg_block_has_review":false,"footnotes":""},"coauthors":[103],"class_list":["post-3725","page","type-page","status-publish","hentry"],"yoast_head":"<!-- This site is optimized with the Yoast SEO plugin v25.7 - https:\/\/yoast.com\/wordpress\/plugins\/seo\/ -->\n<title>Terms of Service - SP - THE LIVES MEDIA<\/title>\n<meta name=\"robots\" content=\"index, follow, max-snippet:-1, max-image-preview:large, max-video-preview:-1\" \/>\n<link rel=\"canonical\" href=\"https:\/\/thelivesmedia.com\/es\/terms-of-service-sp\/\" \/>\n<meta property=\"og:locale\" content=\"es_ES\" \/>\n<meta property=\"og:type\" content=\"article\" \/>\n<meta property=\"og:title\" content=\"Terms of Service - SP - THE LIVES MEDIA\" \/>\n<meta property=\"og:description\" content=\"T\u00c9RMINOS DE SERVICIO \u00daltima actualizaci\u00f3n: mayo de 2025 Estos T\u00e9rminos de Servicio (\u00abT\u00e9rminos\u00bb) regulan su acceso y uso de los [&hellip;]\" \/>\n<meta property=\"og:url\" content=\"https:\/\/thelivesmedia.com\/es\/terms-of-service-sp\/\" \/>\n<meta property=\"og:site_name\" content=\"THE LIVES MEDIA\" \/>\n<meta property=\"article:modified_time\" content=\"2025-05-10T05:49:26+00:00\" \/>\n<meta property=\"og:image\" content=\"https:\/\/thelivesmedia.com\/wp-content\/uploads\/2025\/09\/Homepage.png\" \/>\n\t<meta property=\"og:image:width\" content=\"1902\" \/>\n\t<meta property=\"og:image:height\" content=\"869\" \/>\n\t<meta property=\"og:image:type\" content=\"image\/png\" \/>\n<meta name=\"twitter:card\" content=\"summary_large_image\" \/>\n<meta name=\"twitter:label1\" content=\"Tiempo de lectura\" \/>\n\t<meta name=\"twitter:data1\" content=\"3 minutos\" \/>\n\t<meta name=\"twitter:label2\" content=\"Written by\" \/>\n\t<meta name=\"twitter:data2\" content=\"Aiden Lee\" \/>\n<script type=\"application\/ld+json\" class=\"yoast-schema-graph\">{\"@context\":\"https:\/\/schema.org\",\"@graph\":[{\"@type\":\"WebPage\",\"@id\":\"https:\/\/thelivesmedia.com\/es\/terms-of-service-sp\/\",\"url\":\"https:\/\/thelivesmedia.com\/es\/terms-of-service-sp\/\",\"name\":\"Terms of Service - SP - THE LIVES MEDIA\",\"isPartOf\":{\"@id\":\"https:\/\/thelivesmedia.com\/es\/#website\"},\"datePublished\":\"2025-05-09T08:44:43+00:00\",\"dateModified\":\"2025-05-10T05:49:26+00:00\",\"breadcrumb\":{\"@id\":\"https:\/\/thelivesmedia.com\/es\/terms-of-service-sp\/#breadcrumb\"},\"inLanguage\":\"es\",\"potentialAction\":[{\"@type\":\"ReadAction\",\"target\":[\"https:\/\/thelivesmedia.com\/es\/terms-of-service-sp\/\"]}]},{\"@type\":\"BreadcrumbList\",\"@id\":\"https:\/\/thelivesmedia.com\/es\/terms-of-service-sp\/#breadcrumb\",\"itemListElement\":[{\"@type\":\"ListItem\",\"position\":1,\"name\":\"Home\",\"item\":\"https:\/\/thelivesmedia.com\/es\/\"},{\"@type\":\"ListItem\",\"position\":2,\"name\":\"Terms of Service &#8211; SP\"}]},{\"@type\":\"WebSite\",\"@id\":\"https:\/\/thelivesmedia.com\/es\/#website\",\"url\":\"https:\/\/thelivesmedia.com\/es\/\",\"name\":\"THE LIVES MEDIA\",\"description\":\"Beyond time, through lives\",\"publisher\":{\"@id\":\"https:\/\/thelivesmedia.com\/es\/#organization\"},\"alternateName\":\"https:\/\/thelivesmedia.com\",\"potentialAction\":[{\"@type\":\"SearchAction\",\"target\":{\"@type\":\"EntryPoint\",\"urlTemplate\":\"https:\/\/thelivesmedia.com\/es\/?s={search_term_string}\"},\"query-input\":{\"@type\":\"PropertyValueSpecification\",\"valueRequired\":true,\"valueName\":\"search_term_string\"}}],\"inLanguage\":\"es\"},{\"@type\":\"Organization\",\"@id\":\"https:\/\/thelivesmedia.com\/es\/#organization\",\"name\":\"THE LIVES MEDIA\",\"url\":\"https:\/\/thelivesmedia.com\/es\/\",\"logo\":{\"@type\":\"ImageObject\",\"inLanguage\":\"es\",\"@id\":\"https:\/\/thelivesmedia.com\/es\/#\/schema\/logo\/image\/\",\"url\":\"https:\/\/thelivesmedia.com\/wp-content\/uploads\/2025\/09\/TheLivesMedia_logo_big.png\",\"contentUrl\":\"https:\/\/thelivesmedia.com\/wp-content\/uploads\/2025\/09\/TheLivesMedia_logo_big.png\",\"width\":1200,\"height\":792,\"caption\":\"THE LIVES MEDIA\"},\"image\":{\"@id\":\"https:\/\/thelivesmedia.com\/es\/#\/schema\/logo\/image\/\"}}]}<\/script>\n<!-- \/ Yoast SEO plugin. -->","yoast_head_json":{"title":"Terms of Service - SP - THE LIVES MEDIA","robots":{"index":"index","follow":"follow","max-snippet":"max-snippet:-1","max-image-preview":"max-image-preview:large","max-video-preview":"max-video-preview:-1"},"canonical":"https:\/\/thelivesmedia.com\/es\/terms-of-service-sp\/","og_locale":"es_ES","og_type":"article","og_title":"Terms of Service - SP - THE LIVES MEDIA","og_description":"T\u00c9RMINOS DE SERVICIO \u00daltima actualizaci\u00f3n: mayo de 2025 Estos T\u00e9rminos de Servicio (\u00abT\u00e9rminos\u00bb) regulan su acceso y uso de los [&hellip;]","og_url":"https:\/\/thelivesmedia.com\/es\/terms-of-service-sp\/","og_site_name":"THE LIVES MEDIA","article_modified_time":"2025-05-10T05:49:26+00:00","og_image":[{"width":1902,"height":869,"url":"https:\/\/thelivesmedia.com\/wp-content\/uploads\/2025\/09\/Homepage.png","type":"image\/png"}],"twitter_card":"summary_large_image","twitter_misc":{"Tiempo de lectura":"3 minutos","Written by":"Aiden Lee"},"schema":{"@context":"https:\/\/schema.org","@graph":[{"@type":"WebPage","@id":"https:\/\/thelivesmedia.com\/es\/terms-of-service-sp\/","url":"https:\/\/thelivesmedia.com\/es\/terms-of-service-sp\/","name":"Terms of Service - SP - THE LIVES MEDIA","isPartOf":{"@id":"https:\/\/thelivesmedia.com\/es\/#website"},"datePublished":"2025-05-09T08:44:43+00:00","dateModified":"2025-05-10T05:49:26+00:00","breadcrumb":{"@id":"https:\/\/thelivesmedia.com\/es\/terms-of-service-sp\/#breadcrumb"},"inLanguage":"es","potentialAction":[{"@type":"ReadAction","target":["https:\/\/thelivesmedia.com\/es\/terms-of-service-sp\/"]}]},{"@type":"BreadcrumbList","@id":"https:\/\/thelivesmedia.com\/es\/terms-of-service-sp\/#breadcrumb","itemListElement":[{"@type":"ListItem","position":1,"name":"Home","item":"https:\/\/thelivesmedia.com\/es\/"},{"@type":"ListItem","position":2,"name":"Terms of Service &#8211; SP"}]},{"@type":"WebSite","@id":"https:\/\/thelivesmedia.com\/es\/#website","url":"https:\/\/thelivesmedia.com\/es\/","name":"THE LIVES MEDIA","description":"Beyond time, through lives","publisher":{"@id":"https:\/\/thelivesmedia.com\/es\/#organization"},"alternateName":"https:\/\/thelivesmedia.com","potentialAction":[{"@type":"SearchAction","target":{"@type":"EntryPoint","urlTemplate":"https:\/\/thelivesmedia.com\/es\/?s={search_term_string}"},"query-input":{"@type":"PropertyValueSpecification","valueRequired":true,"valueName":"search_term_string"}}],"inLanguage":"es"},{"@type":"Organization","@id":"https:\/\/thelivesmedia.com\/es\/#organization","name":"THE LIVES MEDIA","url":"https:\/\/thelivesmedia.com\/es\/","logo":{"@type":"ImageObject","inLanguage":"es","@id":"https:\/\/thelivesmedia.com\/es\/#\/schema\/logo\/image\/","url":"https:\/\/thelivesmedia.com\/wp-content\/uploads\/2025\/09\/TheLivesMedia_logo_big.png","contentUrl":"https:\/\/thelivesmedia.com\/wp-content\/uploads\/2025\/09\/TheLivesMedia_logo_big.png","width":1200,"height":792,"caption":"THE LIVES MEDIA"},"image":{"@id":"https:\/\/thelivesmedia.com\/es\/#\/schema\/logo\/image\/"}}]}},"uagb_featured_image_src":{"full":false,"thumbnail":false,"medium":false,"medium_large":false,"large":false,"1536x1536":false,"2048x2048":false},"uagb_author_info":{"display_name":"Aiden Lee","author_link":"https:\/\/thelivesmedia.com\/es\/author\/tuandesugmail-com\/"},"uagb_comment_info":0,"uagb_excerpt":"T\u00c9RMINOS DE SERVICIO \u00daltima actualizaci\u00f3n: mayo de 2025 Estos T\u00e9rminos de Servicio (\u00abT\u00e9rminos\u00bb) regulan su acceso y uso de los [&hellip;]","_links":{"self":[{"href":"https:\/\/thelivesmedia.com\/es\/wp-json\/wp\/v2\/pages\/3725","targetHints":{"allow":["GET"]}}],"collection":[{"href":"https:\/\/thelivesmedia.com\/es\/wp-json\/wp\/v2\/pages"}],"about":[{"href":"https:\/\/thelivesmedia.com\/es\/wp-json\/wp\/v2\/types\/page"}],"author":[{"embeddable":true,"href":"https:\/\/thelivesmedia.com\/es\/wp-json\/wp\/v2\/users\/1"}],"replies":[{"embeddable":true,"href":"https:\/\/thelivesmedia.com\/es\/wp-json\/wp\/v2\/comments?post=3725"}],"version-history":[{"count":1,"href":"https:\/\/thelivesmedia.com\/es\/wp-json\/wp\/v2\/pages\/3725\/revisions"}],"predecessor-version":[{"id":3726,"href":"https:\/\/thelivesmedia.com\/es\/wp-json\/wp\/v2\/pages\/3725\/revisions\/3726"}],"wp:attachment":[{"href":"https:\/\/thelivesmedia.com\/es\/wp-json\/wp\/v2\/media?parent=3725"}],"wp:term":[{"taxonomy":"author","embeddable":true,"href":"https:\/\/thelivesmedia.com\/es\/wp-json\/wp\/v2\/coauthors?post=3725"}],"curies":[{"name":"wp","href":"https:\/\/api.w.org\/{rel}","templated":true}]}}