{"id":3674,"date":"2025-05-09T08:44:43","date_gmt":"2025-05-09T08:44:43","guid":{"rendered":"https:\/\/thelivesmedia.com\/terms-of-service-vn\/"},"modified":"2025-08-16T10:44:12","modified_gmt":"2025-08-16T10:44:12","slug":"terms-of-service","status":"publish","type":"page","link":"https:\/\/thelivesmedia.com\/vi\/terms-of-service\/","title":{"rendered":"Terms of Service &#8211; VN"},"content":{"rendered":"\n<h2 class=\"wp-block-heading\"><strong>\u0110I\u1ec0U KHO\u1ea2N S\u1eec D\u1ee4NG<\/strong><\/h2>\n\n<p class=\"has-cyan-bluish-gray-color has-text-color has-link-color wp-elements-4e11dbcb9a3d0b4a33e98ac5150b4265\"><em>C\u1eadp nh\u1eadt l\u1ea7n cu\u1ed1i: Th\u00e1ng 5 n\u0103m 2025<\/em><\/p>\n\n<p>C\u00e1c \u0110i\u1ec1u kho\u1ea3n d\u1ecbch v\u1ee5 n\u00e0y (\u201c\u0110i\u1ec1u kho\u1ea3n\u201d) qu\u1ea3n l\u00fd vi\u1ec7c b\u1ea1n truy c\u1eadp v\u00e0 s\u1eed d\u1ee5ng c\u00e1c trang web, \u1ea5n ph\u1ea9m v\u00e0 d\u1ecbch v\u1ee5 do <strong>The Epoch Media<\/strong> \u0111i\u1ec1u h\u00e0nh. B\u1eb1ng c\u00e1ch s\u1eed d\u1ee5ng n\u1ec1n t\u1ea3ng c\u1ee7a ch\u00fang t\u00f4i, b\u1ea1n \u0111\u1ed3ng \u00fd ho\u00e0n to\u00e0n v\u1edbi c\u00e1c \u0110i\u1ec1u kho\u1ea3n n\u00e0y. <\/p>\n\n<h2 class=\"wp-block-heading has-medium-font-size\">1. M\u1ee4C \u0110\u00cdCH V\u00c0 PH\u1ea0M VI<\/h2>\n\n<p>The Epoch Media l\u00e0 m\u1ed9t d\u1ef1 \u00e1n bi\u00ean t\u1eadp \u0111\u1ed9c l\u1eadp, xu\u1ea5t b\u1ea3n n\u1ed9i dung mang t\u00ednh v\u0103n h\u1ecdc v\u00e0 kh\u01a1i g\u1ee3i suy ng\u1eabm, b\u1eb1ng nhi\u1ec1u ng\u00f4n ng\u1eef kh\u00e1c nhau cho \u0111\u1ed9c gi\u1ea3 tr\u00ean to\u00e0n th\u1ebf gi\u1edbi. C\u00e1c \u0110i\u1ec1u kho\u1ea3n n\u00e0y \u00e1p d\u1ee5ng cho t\u1ea5t c\u1ea3 n\u1ed9i dung \u0111\u01b0\u1ee3c truy c\u1eadp th\u00f4ng qua website v\u00e0 c\u00e1c n\u1ec1n t\u1ea3ng li\u00ean quan c\u1ee7a ch\u00fang t\u00f4i. <\/p>\n\n<h2 class=\"wp-block-heading has-medium-font-size\">2. T\u00cdNH CH\u1ea4T V\u0102N H\u1eccC C\u1ee6A N\u1ed8I DUNG<\/h2>\n\n<p>C\u00e1c n\u1ed9i dung \u0111\u01b0\u1ee3c \u0111\u0103ng t\u1ea3i tr\u00ean The Epoch Media ch\u1ee7 y\u1ebfu mang t\u00ednh ch\u1ea5t v\u0103n h\u1ecdc v\u00e0 s\u00e1ng t\u1ea1o. T\u00e1c gi\u1ea3 c\u00f3 th\u1ec3 s\u1eed d\u1ee5ng m\u1ed9t s\u1ed1 b\u1ed1i c\u1ea3nh ho\u1eb7c nh\u00e2n v\u1eadt c\u00f3 th\u1eadt trong l\u1ecbch s\u1eed ho\u1eb7c hi\u1ec7n t\u1ea1i, nh\u01b0ng ch\u00fang t\u00f4i coi t\u1ea5t c\u1ea3 c\u00e1c n\u1ed9i dung n\u00e0y l\u00e0 bi\u1ec3u \u0111\u1ea1t v\u0103n h\u1ecdc.<br\/>The Epoch Media kh\u00f4ng kh\u1eb3ng \u0111\u1ecbnh c\u0169ng kh\u00f4ng ph\u1ee7 \u0111\u1ecbnh b\u1ea5t k\u1ef3 \u0111i\u1ec1u g\u00ec v\u1ec1 n\u1ed9i dung \u0111\u01b0\u1ee3c \u0111\u0103ng t\u1ea3i. Ch\u00fang t\u00f4i t\u00f4n tr\u1ecdng quy\u1ec1n t\u1ef1 do nh\u1eadn \u0111\u1ecbnh v\u00e0 m\u1eddi g\u1ecdi \u0111\u1ed9c gi\u1ea3 t\u1ef1 c\u1ea3m nh\u1eadn theo quan \u0111i\u1ec3m c\u00e1 nh\u00e2n c\u1ee7a m\u00ecnh.<\/p>\n\n<h2 class=\"wp-block-heading has-medium-font-size\">3. B\u00ccNH LU\u1eacN C\u1ee6A \u0110\u1ed8C GI\u1ea2 V\u00c0 TR\u00c1CH NHI\u1ec6M<\/h2>\n\n<p>Ch\u00fang t\u00f4i hoan ngh\u00eanh c\u00e1c b\u00ecnh lu\u1eadn t\u1eeb \u0111\u1ed9c gi\u1ea3 v\u00e0 coi \u0111\u00e2y l\u00e0 m\u1ed9t ph\u1ea7n quan tr\u1ecdng c\u1ee7a s\u1ef1 \u0111\u1ed1i tho\u1ea1i c\u1ed9ng \u0111\u1ed3ng. Tuy nhi\u00ean: <\/p>\n\n<ul class=\"wp-block-list\">\n<li>The Epoch Media kh\u00f4ng ch\u1ecbu tr\u00e1ch nhi\u1ec7m v\u1ec1 c\u00e1c \u00fd ki\u1ebfn, tuy\u00ean b\u1ed1 ho\u1eb7c n\u1ed9i dung do \u0111\u1ed9c gi\u1ea3 b\u00ecnh lu\u1eadn.<\/li>\n\n\n\n<li>Ch\u00fang t\u00f4i kh\u00f4ng x\u00f3a ho\u1eb7c ki\u1ec3m duy\u1ec7t c\u00e1c b\u00ecnh lu\u1eadn m\u1ed9t c\u00e1ch th\u1ee7 c\u00f4ng v\u00ec t\u00f4n tr\u1ecdng t\u1ef1 do ng\u00f4n lu\u1eadn.<\/li>\n\n\n\n<li>Tuy nhi\u00ean, h\u1ec7 th\u1ed1ng c\u1ee7a ch\u00fang t\u00f4i s\u1ebd t\u1ef1 \u0111\u1ed9ng \u1ea9n \u0111i nh\u1eefng t\u1eeb ng\u1eef th\u00f4 t\u1ee5c ho\u1eb7c thi\u1ebfu v\u0103n h\u00f3a b\u1eb1ng c\u00e1c k\u00fd t\u1ef1 d\u1ea5u sao (*).<\/li>\n<\/ul>\n\n<p>M\u1ecdi b\u00ecnh lu\u1eadn \u0111\u01b0\u1ee3c xem l\u00e0 chia s\u1ebb t\u1ef1 nguy\u1ec7n v\u00e0 mi\u1ec5n ph\u00ed v\u00ec l\u1ee3i \u00edch c\u1ed9ng \u0111\u1ed3ng, v\u00e0 The Epoch Media kh\u00f4ng tr\u1ea3 th\u00f9 lao cho c\u00e1c b\u00ecnh lu\u1eadn n\u00e0y.<\/p>\n\n<h2 class=\"wp-block-heading has-medium-font-size\">4. B\u00c0I VI\u1ebeT \u0110\u00d3NG G\u00d3P V\u00c0 NHU\u1eacN B\u00daT<\/h2>\n\n<p>Trong m\u1ed9t s\u1ed1 tr\u01b0\u1eddng h\u1ee3p, ch\u00fang t\u00f4i c\u00f3 th\u1ec3 xem x\u00e9t tr\u1ea3 nhu\u1eadn b\u00fat cho c\u00e1c b\u00e0i vi\u1ebft, s\u00e1ng t\u00e1c ho\u1eb7c \u0111\u00f3ng g\u00f3p xu\u1ea5t s\u1eafc t\u1eeb \u0111\u1ed9c gi\u1ea3.<br\/>Vi\u1ec7c c\u00f3 tr\u1ea3 nhu\u1eadn b\u00fat hay kh\u00f4ng \u2014 v\u00e0 m\u1ee9c nhu\u1eadn b\u00fat c\u1ee5 th\u1ec3 \u2014 s\u1ebd ph\u1ee5 thu\u1ed9c v\u00e0o t\u1eebng ho\u00e0n c\u1ea3nh c\u1ee5 th\u1ec3, ch\u1ea5t l\u01b0\u1ee3ng n\u1ed9i dung, th\u1eddi \u0111i\u1ec3m g\u1eedi b\u00e0i v\u00e0 c\u00e1ch th\u1ee9c s\u1eed d\u1ee5ng. M\u1ecdi th\u1ecfa thu\u1eadn li\u00ean quan s\u1ebd \u0111\u01b0\u1ee3c xem x\u00e9t ri\u00eang bi\u1ec7t t\u1eebng tr\u01b0\u1eddng h\u1ee3p.<\/p>\n\n<h2 class=\"wp-block-heading has-medium-font-size\">5. QUY\u1ec0N S\u1ede H\u1eeeU TR\u00cd TU\u1ec6<\/h2>\n\n<p>Tr\u1eeb khi \u0111\u01b0\u1ee3c ghi r\u00f5, t\u1ea5t c\u1ea3 n\u1ed9i dung \u0111\u0103ng tr\u00ean The Epoch Media \u0111\u1ec1u thu\u1ed9c quy\u1ec1n s\u1edf h\u1eefu tr\u00ed tu\u1ec7 v\u00e0 b\u1ea3n quy\u1ec1n c\u1ee7a ch\u00fang t\u00f4i ho\u1eb7c c\u00e1c b\u00ean \u0111\u01b0\u1ee3c \u1ee7y quy\u1ec1n. B\u1ea1n kh\u00f4ng \u0111\u01b0\u1ee3c sao ch\u00e9p, ph\u00e1t h\u00e0nh l\u1ea1i ho\u1eb7c s\u1eed d\u1ee5ng l\u1ea1i n\u1ed9i dung n\u1ebfu kh\u00f4ng c\u00f3 s\u1ef1 cho ph\u00e9p r\u00f5 r\u00e0ng, ngo\u1ea1i tr\u1eeb c\u00e1c tr\u01b0\u1eddng h\u1ee3p \u0111\u01b0\u1ee3c ph\u00e1p lu\u1eadt cho ph\u00e9p theo nguy\u00ean t\u1eafc \u201cs\u1eed d\u1ee5ng h\u1ee3p l\u00fd\u201d. <\/p>\n\n<h2 class=\"wp-block-heading has-medium-font-size\">6. QUY T\u1eaeC S\u1eec D\u1ee4NG<\/h2>\n\n<p>Khi truy c\u1eadp trang web c\u1ee7a ch\u00fang t\u00f4i, b\u1ea1n cam k\u1ebft kh\u00f4ng th\u1ef1c hi\u1ec7n c\u00e1c h\u00e0nh vi sau:<\/p>\n\n<ul class=\"wp-block-list\">\n<li>Vi ph\u1ea1m lu\u1eadt ph\u00e1p ho\u1eb7c quy \u0111\u1ecbnh hi\u1ec7n h\u00e0nh<\/li>\n\n\n\n<li>T\u1ea3i l\u00ean m\u00e3 \u0111\u1ed9c, spam ho\u1eb7c c\u00e1c n\u1ed9i dung g\u00e2y h\u1ea1i<\/li>\n\n\n\n<li>M\u1ea1o danh ng\u01b0\u1eddi kh\u00e1c<\/li>\n\n\n\n<li>X\u00e2m ph\u1ea1m quy\u1ec1n s\u1edf h\u1eefu tr\u00ed tu\u1ec7 c\u1ee7a b\u1ea5t k\u1ef3 b\u00ean n\u00e0o<\/li>\n<\/ul>\n\n<p>Ch\u00fang t\u00f4i c\u00f3 quy\u1ec1n gi\u1edbi h\u1ea1n quy\u1ec1n truy c\u1eadp ho\u1eb7c ti\u1ebfn h\u00e0nh c\u00e1c bi\u1ec7n ph\u00e1p ph\u00e1p l\u00fd n\u1ebfu ph\u00e1t hi\u1ec7n vi ph\u1ea1m.<\/p>\n\n<h2 class=\"wp-block-heading has-medium-font-size\">7. GI\u1edaI H\u1ea0N TR\u00c1CH NHI\u1ec6M<\/h2>\n\n<p>The Epoch Media v\u00e0 c\u00e1c c\u1ed9ng t\u00e1c vi\u00ean c\u1ee7a ch\u00fang t\u00f4i s\u1ebd kh\u00f4ng ch\u1ecbu tr\u00e1ch nhi\u1ec7m v\u1ec1 b\u1ea5t k\u1ef3 thi\u1ec7t h\u1ea1i gi\u00e1n ti\u1ebfp, ng\u1eabu nhi\u00ean ho\u1eb7c h\u1ec7 qu\u1ea3 n\u00e0o ph\u00e1t sinh t\u1eeb vi\u1ec7c b\u1ea1n s\u1eed d\u1ee5ng trang web.<br\/>M\u1ecdi n\u1ed9i dung \u0111\u01b0\u1ee3c cung c\u1ea5p theo nguy\u00ean t\u1eafc \u201cnh\u01b0 hi\u1ec7n c\u00f3\u201d, kh\u00f4ng c\u00f3 b\u1ea3o \u0111\u1ea3m d\u01b0\u1edbi b\u1ea5t k\u1ef3 h\u00ecnh th\u1ee9c n\u00e0o. <\/p>\n\n<h2 class=\"wp-block-heading has-medium-font-size\">8. S\u1eecA \u0110\u1ed4I C\u00c1C \u0110I\u1ec0U KHO\u1ea2N<\/h2>\n\n<p>Ch\u00fang t\u00f4i c\u00f3 th\u1ec3 c\u1eadp nh\u1eadt c\u00e1c \u0110i\u1ec1u kho\u1ea3n n\u00e0y b\u1ea5t k\u1ef3 l\u00fac n\u00e0o. Vi\u1ec7c b\u1ea1n ti\u1ebfp t\u1ee5c s\u1eed d\u1ee5ng trang web sau khi c\u00f3 thay \u0111\u1ed5i \u0111\u1ed3ng ngh\u0129a v\u1edbi vi\u1ec7c b\u1ea1n \u0111\u1ed3ng \u00fd v\u1edbi c\u00e1c \u0111i\u1ec1u kho\u1ea3n s\u1eeda \u0111\u1ed5i. <\/p>\n\n<h2 class=\"wp-block-heading has-medium-font-size\">9. LI\u00caN H\u1ec6<\/h2>\n\n<p>M\u1ecdi th\u1eafc m\u1eafc li\u00ean quan \u0111\u1ebfn c\u00e1c \u0110i\u1ec1u kho\u1ea3n n\u00e0y, vui l\u00f2ng li\u00ean h\u1ec7:<br\/>\ud83d\udce7 <strong><a>editor@thelivesmedia.com<\/a><\/strong><\/p>\n\n<p><\/p>\n","protected":false},"excerpt":{"rendered":"<p>\u0110I\u1ec0U KHO\u1ea2N S\u1eec D\u1ee4NG C\u1eadp nh\u1eadt l\u1ea7n cu\u1ed1i: Th\u00e1ng 5 n\u0103m 2025 C\u00e1c \u0110i\u1ec1u kho\u1ea3n d\u1ecbch v\u1ee5 n\u00e0y (\u201c\u0110i\u1ec1u kho\u1ea3n\u201d) [&hellip;]<\/p>\n","protected":false},"author":1,"featured_media":0,"parent":0,"menu_order":0,"comment_status":"closed","ping_status":"closed","template":"","meta":{"_uag_custom_page_level_css":"","site-sidebar-layout":"default","site-content-layout":"","ast-site-content-layout":"default","site-content-style":"default","site-sidebar-style":"default","ast-global-header-display":"","ast-banner-title-visibility":"","ast-main-header-display":"","ast-hfb-above-header-display":"","ast-hfb-below-header-display":"","ast-hfb-mobile-header-display":"","site-post-title":"disabled","ast-breadcrumbs-content":"","ast-featured-img":"","footer-sml-layout":"","theme-transparent-header-meta":"","adv-header-id-meta":"","stick-header-meta":"","header-above-stick-meta":"","header-main-stick-meta":"","header-below-stick-meta":"","astra-migrate-meta-layouts":"default","ast-page-background-enabled":"default","ast-page-background-meta":{"desktop":{"background-color":"var(--ast-global-color-4)","background-image":"","background-repeat":"repeat","background-position":"center center","background-size":"auto","background-attachment":"scroll","background-type":"","background-media":"","overlay-type":"","overlay-color":"","overlay-opacity":"","overlay-gradient":""},"tablet":{"background-color":"","background-image":"","background-repeat":"repeat","background-position":"center center","background-size":"auto","background-attachment":"scroll","background-type":"","background-media":"","overlay-type":"","overlay-color":"","overlay-opacity":"","overlay-gradient":""},"mobile":{"background-color":"","background-image":"","background-repeat":"repeat","background-position":"center center","background-size":"auto","background-attachment":"scroll","background-type":"","background-media":"","overlay-type":"","overlay-color":"","overlay-opacity":"","overlay-gradient":""}},"ast-content-background-meta":{"desktop":{"background-color":"var(--ast-global-color-5)","background-image":"","background-repeat":"repeat","background-position":"center center","background-size":"auto","background-attachment":"scroll","background-type":"","background-media":"","overlay-type":"","overlay-color":"","overlay-opacity":"","overlay-gradient":""},"tablet":{"background-color":"var(--ast-global-color-5)","background-image":"","background-repeat":"repeat","background-position":"center center","background-size":"auto","background-attachment":"scroll","background-type":"","background-media":"","overlay-type":"","overlay-color":"","overlay-opacity":"","overlay-gradient":""},"mobile":{"background-color":"var(--ast-global-color-5)","background-image":"","background-repeat":"repeat","background-position":"center center","background-size":"auto","background-attachment":"scroll","background-type":"","background-media":"","overlay-type":"","overlay-color":"","overlay-opacity":"","overlay-gradient":""}},"_themeisle_gutenberg_block_has_review":false,"footnotes":""},"coauthors":[103],"class_list":["post-3674","page","type-page","status-publish","hentry"],"yoast_head":"<!-- This site is optimized with the Yoast SEO plugin v25.7 - https:\/\/yoast.com\/wordpress\/plugins\/seo\/ -->\n<title>Terms of Service - VN - THE LIVES MEDIA<\/title>\n<meta name=\"robots\" content=\"index, follow, max-snippet:-1, max-image-preview:large, max-video-preview:-1\" \/>\n<link rel=\"canonical\" href=\"https:\/\/thelivesmedia.com\/vi\/terms-of-service\/\" \/>\n<meta property=\"og:locale\" content=\"vi_VN\" \/>\n<meta property=\"og:type\" content=\"article\" \/>\n<meta property=\"og:title\" content=\"Terms of Service - VN - THE LIVES MEDIA\" \/>\n<meta property=\"og:description\" content=\"\u0110I\u1ec0U KHO\u1ea2N S\u1eec D\u1ee4NG C\u1eadp nh\u1eadt l\u1ea7n cu\u1ed1i: Th\u00e1ng 5 n\u0103m 2025 C\u00e1c \u0110i\u1ec1u kho\u1ea3n d\u1ecbch v\u1ee5 n\u00e0y (\u201c\u0110i\u1ec1u kho\u1ea3n\u201d) [&hellip;]\" \/>\n<meta property=\"og:url\" content=\"https:\/\/thelivesmedia.com\/vi\/terms-of-service\/\" \/>\n<meta property=\"og:site_name\" content=\"THE LIVES MEDIA\" \/>\n<meta property=\"article:modified_time\" content=\"2025-08-16T10:44:12+00:00\" \/>\n<meta property=\"og:image\" content=\"https:\/\/thelivesmedia.com\/wp-content\/uploads\/2025\/09\/Homepage.png\" \/>\n\t<meta property=\"og:image:width\" content=\"1902\" \/>\n\t<meta property=\"og:image:height\" content=\"869\" \/>\n\t<meta property=\"og:image:type\" content=\"image\/png\" \/>\n<meta name=\"twitter:card\" content=\"summary_large_image\" \/>\n<meta name=\"twitter:label1\" content=\"Est. reading time\" \/>\n\t<meta name=\"twitter:data1\" content=\"6 minutes\" \/>\n\t<meta name=\"twitter:label2\" content=\"Written by\" \/>\n\t<meta name=\"twitter:data2\" content=\"Aiden Lee\" \/>\n<script type=\"application\/ld+json\" class=\"yoast-schema-graph\">{\"@context\":\"https:\/\/schema.org\",\"@graph\":[{\"@type\":\"WebPage\",\"@id\":\"https:\/\/thelivesmedia.com\/vi\/terms-of-service\/\",\"url\":\"https:\/\/thelivesmedia.com\/vi\/terms-of-service\/\",\"name\":\"Terms of Service - VN - THE LIVES MEDIA\",\"isPartOf\":{\"@id\":\"https:\/\/thelivesmedia.com\/vi\/#website\"},\"datePublished\":\"2025-05-09T08:44:43+00:00\",\"dateModified\":\"2025-08-16T10:44:12+00:00\",\"breadcrumb\":{\"@id\":\"https:\/\/thelivesmedia.com\/vi\/terms-of-service\/#breadcrumb\"},\"inLanguage\":\"vi-VN\",\"potentialAction\":[{\"@type\":\"ReadAction\",\"target\":[\"https:\/\/thelivesmedia.com\/vi\/terms-of-service\/\"]}]},{\"@type\":\"BreadcrumbList\",\"@id\":\"https:\/\/thelivesmedia.com\/vi\/terms-of-service\/#breadcrumb\",\"itemListElement\":[{\"@type\":\"ListItem\",\"position\":1,\"name\":\"Home\",\"item\":\"https:\/\/thelivesmedia.com\/vi\/\"},{\"@type\":\"ListItem\",\"position\":2,\"name\":\"Terms of Service &#8211; VN\"}]},{\"@type\":\"WebSite\",\"@id\":\"https:\/\/thelivesmedia.com\/vi\/#website\",\"url\":\"https:\/\/thelivesmedia.com\/vi\/\",\"name\":\"THE LIVES MEDIA\",\"description\":\"Beyond time, through lives\",\"publisher\":{\"@id\":\"https:\/\/thelivesmedia.com\/vi\/#organization\"},\"alternateName\":\"https:\/\/thelivesmedia.com\",\"potentialAction\":[{\"@type\":\"SearchAction\",\"target\":{\"@type\":\"EntryPoint\",\"urlTemplate\":\"https:\/\/thelivesmedia.com\/vi\/?s={search_term_string}\"},\"query-input\":{\"@type\":\"PropertyValueSpecification\",\"valueRequired\":true,\"valueName\":\"search_term_string\"}}],\"inLanguage\":\"vi-VN\"},{\"@type\":\"Organization\",\"@id\":\"https:\/\/thelivesmedia.com\/vi\/#organization\",\"name\":\"THE LIVES MEDIA\",\"url\":\"https:\/\/thelivesmedia.com\/vi\/\",\"logo\":{\"@type\":\"ImageObject\",\"inLanguage\":\"vi-VN\",\"@id\":\"https:\/\/thelivesmedia.com\/vi\/#\/schema\/logo\/image\/\",\"url\":\"https:\/\/thelivesmedia.com\/wp-content\/uploads\/2025\/09\/TheLivesMedia_logo_big.png\",\"contentUrl\":\"https:\/\/thelivesmedia.com\/wp-content\/uploads\/2025\/09\/TheLivesMedia_logo_big.png\",\"width\":1200,\"height\":792,\"caption\":\"THE LIVES MEDIA\"},\"image\":{\"@id\":\"https:\/\/thelivesmedia.com\/vi\/#\/schema\/logo\/image\/\"}}]}<\/script>\n<!-- \/ Yoast SEO plugin. -->","yoast_head_json":{"title":"Terms of Service - VN - THE LIVES MEDIA","robots":{"index":"index","follow":"follow","max-snippet":"max-snippet:-1","max-image-preview":"max-image-preview:large","max-video-preview":"max-video-preview:-1"},"canonical":"https:\/\/thelivesmedia.com\/vi\/terms-of-service\/","og_locale":"vi_VN","og_type":"article","og_title":"Terms of Service - VN - THE LIVES MEDIA","og_description":"\u0110I\u1ec0U KHO\u1ea2N S\u1eec D\u1ee4NG C\u1eadp nh\u1eadt l\u1ea7n cu\u1ed1i: Th\u00e1ng 5 n\u0103m 2025 C\u00e1c \u0110i\u1ec1u kho\u1ea3n d\u1ecbch v\u1ee5 n\u00e0y (\u201c\u0110i\u1ec1u kho\u1ea3n\u201d) [&hellip;]","og_url":"https:\/\/thelivesmedia.com\/vi\/terms-of-service\/","og_site_name":"THE LIVES MEDIA","article_modified_time":"2025-08-16T10:44:12+00:00","og_image":[{"width":1902,"height":869,"url":"https:\/\/thelivesmedia.com\/wp-content\/uploads\/2025\/09\/Homepage.png","type":"image\/png"}],"twitter_card":"summary_large_image","twitter_misc":{"Est. reading time":"6 minutes","Written by":"Aiden Lee"},"schema":{"@context":"https:\/\/schema.org","@graph":[{"@type":"WebPage","@id":"https:\/\/thelivesmedia.com\/vi\/terms-of-service\/","url":"https:\/\/thelivesmedia.com\/vi\/terms-of-service\/","name":"Terms of Service - VN - THE LIVES MEDIA","isPartOf":{"@id":"https:\/\/thelivesmedia.com\/vi\/#website"},"datePublished":"2025-05-09T08:44:43+00:00","dateModified":"2025-08-16T10:44:12+00:00","breadcrumb":{"@id":"https:\/\/thelivesmedia.com\/vi\/terms-of-service\/#breadcrumb"},"inLanguage":"vi-VN","potentialAction":[{"@type":"ReadAction","target":["https:\/\/thelivesmedia.com\/vi\/terms-of-service\/"]}]},{"@type":"BreadcrumbList","@id":"https:\/\/thelivesmedia.com\/vi\/terms-of-service\/#breadcrumb","itemListElement":[{"@type":"ListItem","position":1,"name":"Home","item":"https:\/\/thelivesmedia.com\/vi\/"},{"@type":"ListItem","position":2,"name":"Terms of Service &#8211; VN"}]},{"@type":"WebSite","@id":"https:\/\/thelivesmedia.com\/vi\/#website","url":"https:\/\/thelivesmedia.com\/vi\/","name":"THE LIVES MEDIA","description":"Beyond time, through lives","publisher":{"@id":"https:\/\/thelivesmedia.com\/vi\/#organization"},"alternateName":"https:\/\/thelivesmedia.com","potentialAction":[{"@type":"SearchAction","target":{"@type":"EntryPoint","urlTemplate":"https:\/\/thelivesmedia.com\/vi\/?s={search_term_string}"},"query-input":{"@type":"PropertyValueSpecification","valueRequired":true,"valueName":"search_term_string"}}],"inLanguage":"vi-VN"},{"@type":"Organization","@id":"https:\/\/thelivesmedia.com\/vi\/#organization","name":"THE LIVES MEDIA","url":"https:\/\/thelivesmedia.com\/vi\/","logo":{"@type":"ImageObject","inLanguage":"vi-VN","@id":"https:\/\/thelivesmedia.com\/vi\/#\/schema\/logo\/image\/","url":"https:\/\/thelivesmedia.com\/wp-content\/uploads\/2025\/09\/TheLivesMedia_logo_big.png","contentUrl":"https:\/\/thelivesmedia.com\/wp-content\/uploads\/2025\/09\/TheLivesMedia_logo_big.png","width":1200,"height":792,"caption":"THE LIVES MEDIA"},"image":{"@id":"https:\/\/thelivesmedia.com\/vi\/#\/schema\/logo\/image\/"}}]}},"uagb_featured_image_src":{"full":false,"thumbnail":false,"medium":false,"medium_large":false,"large":false,"1536x1536":false,"2048x2048":false},"uagb_author_info":{"display_name":"Aiden Lee","author_link":"https:\/\/thelivesmedia.com\/vi\/author\/tuandesugmail-com\/"},"uagb_comment_info":0,"uagb_excerpt":"\u0110I\u1ec0U KHO\u1ea2N S\u1eec D\u1ee4NG C\u1eadp nh\u1eadt l\u1ea7n cu\u1ed1i: Th\u00e1ng 5 n\u0103m 2025 C\u00e1c \u0110i\u1ec1u kho\u1ea3n d\u1ecbch v\u1ee5 n\u00e0y (\u201c\u0110i\u1ec1u kho\u1ea3n\u201d) [&hellip;]","_links":{"self":[{"href":"https:\/\/thelivesmedia.com\/vi\/wp-json\/wp\/v2\/pages\/3674","targetHints":{"allow":["GET"]}}],"collection":[{"href":"https:\/\/thelivesmedia.com\/vi\/wp-json\/wp\/v2\/pages"}],"about":[{"href":"https:\/\/thelivesmedia.com\/vi\/wp-json\/wp\/v2\/types\/page"}],"author":[{"embeddable":true,"href":"https:\/\/thelivesmedia.com\/vi\/wp-json\/wp\/v2\/users\/1"}],"replies":[{"embeddable":true,"href":"https:\/\/thelivesmedia.com\/vi\/wp-json\/wp\/v2\/comments?post=3674"}],"version-history":[{"count":7,"href":"https:\/\/thelivesmedia.com\/vi\/wp-json\/wp\/v2\/pages\/3674\/revisions"}],"predecessor-version":[{"id":4685,"href":"https:\/\/thelivesmedia.com\/vi\/wp-json\/wp\/v2\/pages\/3674\/revisions\/4685"}],"wp:attachment":[{"href":"https:\/\/thelivesmedia.com\/vi\/wp-json\/wp\/v2\/media?parent=3674"}],"wp:term":[{"taxonomy":"author","embeddable":true,"href":"https:\/\/thelivesmedia.com\/vi\/wp-json\/wp\/v2\/coauthors?post=3674"}],"curies":[{"name":"wp","href":"https:\/\/api.w.org\/{rel}","templated":true}]}}